{"id":10947,"date":"2025-06-05T04:18:25","date_gmt":"2025-06-05T04:18:25","guid":{"rendered":"https:\/\/modkids.casethemes.net\/?page_id=10947"},"modified":"2025-12-11T00:22:39","modified_gmt":"2025-12-11T03:22:39","slug":"home-04","status":"publish","type":"page","link":"https:\/\/colegiojoaokennedy.com.br\/?page_id=10947","title":{"rendered":"Home 04"},"content":{"rendered":"\t\t<div data-elementor-type=\"wp-page\" data-elementor-id=\"10947\" class=\"elementor elementor-10947\" data-elementor-post-type=\"page\">\n\t\t\t\t<div class=\"elementor-element elementor-element-a67bca3 e-con-full e-flex pxl-row-scroll-none pxl-zoom-point-false pxl-section-overflow-visible pxl-section-fix-none pxl-bg-color-none pxl-section-overlay-none e-con e-parent \" data-id=\"a67bca3\" data-element_type=\"container\" data-settings=\"{&quot;background_background&quot;:&quot;classic&quot;}\">\t\t<div class=\"elementor-element elementor-element-25c3fd8 elementor-absolute e-transform elementor-widget elementor-widget-pxl_text_slip\" data-id=\"25c3fd8\" data-element_type=\"widget\" data-settings=\"{&quot;_position&quot;:&quot;absolute&quot;,&quot;_transform_rotateZ_effect&quot;:{&quot;unit&quot;:&quot;px&quot;,&quot;size&quot;:35,&quot;sizes&quot;:[]},&quot;_transform_rotateZ_effect_mobile&quot;:{&quot;unit&quot;:&quot;deg&quot;,&quot;size&quot;:0,&quot;sizes&quot;:[]},&quot;_transform_rotateZ_effect_widescreen&quot;:{&quot;unit&quot;:&quot;deg&quot;,&quot;size&quot;:&quot;&quot;,&quot;sizes&quot;:[]},&quot;_transform_rotateZ_effect_laptop&quot;:{&quot;unit&quot;:&quot;deg&quot;,&quot;size&quot;:&quot;&quot;,&quot;sizes&quot;:[]},&quot;_transform_rotateZ_effect_tablet_extra&quot;:{&quot;unit&quot;:&quot;deg&quot;,&quot;size&quot;:&quot;&quot;,&quot;sizes&quot;:[]},&quot;_transform_rotateZ_effect_tablet&quot;:{&quot;unit&quot;:&quot;deg&quot;,&quot;size&quot;:&quot;&quot;,&quot;sizes&quot;:[]},&quot;_transform_rotateZ_effect_mobile_extra&quot;:{&quot;unit&quot;:&quot;deg&quot;,&quot;size&quot;:&quot;&quot;,&quot;sizes&quot;:[]}}\" data-widget_type=\"pxl_text_slip.default\">\n\t\t\t\t<div class=\"elementor-widget-container\">\n\t\t\t\t\t\t<div class=\"pxl-text-slip pxl-text-slip1 pxl-slide-to-left \" data-wow-delay=\"ms\">\n\t\t<div class=\"pxl-item--container\">\n\t\t\t<div class=\"pxl-item--inner\">\n\t\t\t\t\t\t\t\t\t\t\t\t\t<h3 class=\"pxl-item--text\">\t\t\t\t\t\n\t\t\t\t\t<span class=\"pxl-text-backdrop\">  (85) 3296-3419   Agende uma visita     <\/span>\n\t\t\t\t\t\t\t\t\t\t\t\t\t\t\t\t\t\t\t\t\t<\/h3>\n\t\t\t\t\t\t\t\t\t<h3 class=\"pxl-item--text\">\t\t\t\t\t\n\t\t\t\t\t<span class=\"pxl-text-backdrop\">  - Matriculas abertas para 2026     <\/span>\n\t\t\t\t\t\t\t\t\t\t\t<i aria-hidden=\"true\" class=\"icomoon icomoon-call3\"><\/i>\t\t\t\t\t\t\t\t\t\t<\/h3>\n\t\t\t\t\t\t\t\t\t<\/div>\n\t\t<div class=\"pxl-item--inner\" >\n\t\t\t\t\t\t\t\t\t\t<h3 class=\"pxl-item--text\">\t\t\t\t\n\t\t\t\t<span class=\"pxl-text-backdrop\">  (85) 3296-3419   Agende uma visita     <\/span>\n\t\t\t\t\t\t\t\t\t\t\t\t\t\t\t\t\t<\/h3>\n\t\t\t\t\t\t\t<h3 class=\"pxl-item--text\">\t\t\t\t\n\t\t\t\t<span class=\"pxl-text-backdrop\">  - Matriculas abertas para 2026     <\/span>\n\t\t\t\t\t\t\t\t\t<i aria-hidden=\"true\" class=\"icomoon icomoon-call3\"><\/i>\t\t\t\t\t\t\t\t<\/h3>\n\t\t\t\t\t\t<\/div>\n<\/div>\n<\/div>\n\t\t\t\t<\/div>\n\t\t\t\t<\/div>\n\t\t\t\t<div class=\"elementor-element elementor-element-9bb4c96 elementor-widget__width-inherit elementor-absolute elementor-widget elementor-widget-pxl_cloud\" data-id=\"9bb4c96\" data-element_type=\"widget\" data-settings=\"{&quot;_position&quot;:&quot;absolute&quot;}\" data-widget_type=\"pxl_cloud.default\">\n\t\t\t\t<div class=\"elementor-widget-container\">\n\t\t\t\t\t<div class=\"pxl-cloud-wrap layout-1\">      \n    <div id=\"cloud-wrap\" class=\"cloud-wrap cloud-off\">\n        <div class=\"x1\">\n            <div class=\"cloud\"><\/div>\n        <\/div>\n        <div class=\"x2\">\n            <div class=\"cloud\"><\/div>\n        <\/div>\n        <div class=\"x3\">\n            <div class=\"cloud\"><\/div>\n        <\/div>\n    <\/div>\n<\/div>\t\t\t\t<\/div>\n\t\t\t\t<\/div>\n\t\t\t\t<div class=\"elementor-element elementor-element-6c4f27e elementor-hidden-tablet elementor-hidden-mobile_extra elementor-hidden-mobile elementor-widget elementor-widget-pxl_image\" data-id=\"6c4f27e\" data-element_type=\"widget\" data-widget_type=\"pxl_image.default\">\n\t\t\t\t<div class=\"elementor-widget-container\">\n\t\t\t\t\t<div id=\"pxl_image-6c4f27e-8099\" class=\"pxl-image-single pxl-disable-parallax-sm slide-right-to-left \" data-wow-delay=\"ms\"  >\r\n    <div class=\"pxl-item--inner\">\r\n                \r\n                                                        <div class=\"pxl-item--image\" data-parallax-value=\"\">\r\n                                                            <img decoding=\"async\" width=\"209\" height=\"68\" src=\"https:\/\/colegiojoaokennedy.com.br\/wp-content\/uploads\/2025\/06\/kid-cloud-1.png\" class=\"no-lazyload attachment-full\" alt=\"\" \/>                                                                                <\/div>\r\n                                                    <\/div>\r\n<\/div>\t\t\t\t<\/div>\n\t\t\t\t<\/div>\n\t\t<div class=\"elementor-element elementor-element-17b9bde pxl-relative e-flex e-con-boxed pxl-row-scroll-none pxl-zoom-point-false pxl-section-overflow-visible pxl-section-fix-none pxl-bg-color-none pxl-section-overlay-none e-con e-child \" data-id=\"17b9bde\" data-element_type=\"container\">\t\t\t<div class=\"e-con-inner\">\r\n\t\t\t\t<div class=\"elementor-element elementor-element-348167b elementor-absolute elementor-hidden-tablet elementor-hidden-mobile_extra elementor-hidden-mobile elementor-widget elementor-widget-pxl_image\" data-id=\"348167b\" data-element_type=\"widget\" data-settings=\"{&quot;_position&quot;:&quot;absolute&quot;}\" data-widget_type=\"pxl_image.default\">\n\t\t\t\t<div class=\"elementor-widget-container\">\n\t\t\t\t\t<div id=\"pxl_image-348167b-5619\" class=\"pxl-image-single pxl-disable-parallax-sm slide-left-to-right \" data-wow-delay=\"ms\"  >\r\n    <div class=\"pxl-item--inner\">\r\n                \r\n                                                        <div class=\"pxl-item--image\" data-parallax-value=\"\">\r\n                                                            <img decoding=\"async\" width=\"209\" height=\"68\" src=\"https:\/\/colegiojoaokennedy.com.br\/wp-content\/uploads\/2025\/06\/kid-cloud-1.png\" class=\"no-lazyload attachment-full\" alt=\"\" \/>                                                                                <\/div>\r\n                                                    <\/div>\r\n<\/div>\t\t\t\t<\/div>\n\t\t\t\t<\/div>\n\t\t\t\t<div class=\"elementor-element elementor-element-64f586e elementor-widget__width-initial elementor-absolute elementor-widget-widescreen__width-initial elementor-widget elementor-widget-pxl_image\" data-id=\"64f586e\" data-element_type=\"widget\" data-settings=\"{&quot;_position&quot;:&quot;absolute&quot;}\" data-widget_type=\"pxl_image.default\">\n\t\t\t\t<div class=\"elementor-widget-container\">\n\t\t\t\t\t<div id=\"pxl_image-64f586e-6092\" class=\"pxl-image-single pxl-disable-parallax-sm pxl-animation-round \" data-wow-delay=\"ms\"  >\r\n    <div class=\"pxl-item--inner\">\r\n                \r\n                                                        <div class=\"pxl-item--image\" data-parallax-value=\"\">\r\n                                                            <img decoding=\"async\" width=\"134\" height=\"84\" src=\"https:\/\/colegiojoaokennedy.com.br\/wp-content\/uploads\/2025\/06\/kid-planet.png\" class=\"no-lazyload attachment-full\" alt=\"\" \/>                                                                                <\/div>\r\n                                                    <\/div>\r\n<\/div>\t\t\t\t<\/div>\n\t\t\t\t<\/div>\n\t\t\t\t<div class=\"elementor-element elementor-element-16877cb elementor-absolute elementor-widget elementor-widget-pxl_heading\" data-id=\"16877cb\" data-element_type=\"widget\" data-settings=\"{&quot;_position&quot;:&quot;absolute&quot;}\" data-widget_type=\"pxl_heading.default\">\n\t\t\t\t<div class=\"elementor-widget-container\">\n\t\t\t\t\t\n<div id=\"pxl-pxl_heading-16877cb-5884\" class=\"pxl-heading \">\n\t<div class=\"pxl-heading--inner\">\n\t\t\t\t\t<div class=\"pxl-item--subtitle wow fadeInDown\" data-wow-delay=\"ms\">\n\t\t\t\t<span class=\"pxl-item--subtext\">\n\t\t\t\t\t<span>Col\u00e9gio Jo\u00e3o Kennedy<\/span>\n\t\t\t\t<\/span>\n\t\t\t<\/div>\n\t\t\n\t\t<h2 class=\"pxl-item--title style-default highlight-default wow skewInBottom\" data-wow-delay=\"450ms\">\n\t\t\t<span class=\"pxl-heading--text\">\n\t\t\t\t\t\t\t\t\tDesde 1998 &#8211; Ensinando Gera\u00e7\u00f5es\t\n\t\t\t\t\t\t\t<\/span>\n\t\t<\/h2>\n\t<\/div>\n<\/div>\t\t\t\t<\/div>\n\t\t\t\t<\/div>\n\t\t\t\t\t<\/div>\r\n\t\t\t\t<\/div>\r\n\t\t<div class=\"elementor-element elementor-element-152a46a e-con-full e-flex pxl-row-scroll-none pxl-zoom-point-false pxl-section-overflow-visible pxl-section-fix-none pxl-bg-color-none pxl-section-overlay-none e-con e-child \" data-id=\"152a46a\" data-element_type=\"container\"><div class=\"elementor-element elementor-element-d95e449 e-con-full e-flex pxl-row-scroll-none pxl-zoom-point-false pxl-section-overflow-visible pxl-section-fix-none pxl-bg-color-none pxl-section-overlay-none e-con e-child \" data-id=\"d95e449\" data-element_type=\"container\">\t\t<\/div>\r\n\t\t<div class=\"elementor-element elementor-element-1bdbbdb e-con-full e-flex pxl-row-scroll-none pxl-zoom-point-false pxl-section-overflow-visible pxl-section-fix-none pxl-bg-color-none pxl-section-overlay-none e-con e-child \" data-id=\"1bdbbdb\" data-element_type=\"container\">\t\t<div class=\"elementor-element elementor-element-9eb0911 elementor-absolute elementor-widget elementor-widget-pxl_image\" data-id=\"9eb0911\" data-element_type=\"widget\" data-settings=\"{&quot;_position&quot;:&quot;absolute&quot;}\" data-widget_type=\"pxl_image.default\">\n\t\t\t\t<div class=\"elementor-widget-container\">\n\t\t\t\t\t<div id=\"pxl_image-9eb0911-9573\" class=\"pxl-image-single pxl-disable-parallax-sm pxl-circle-move \" data-wow-delay=\"ms\"  >\r\n    <div class=\"pxl-item--inner\">\r\n                \r\n                                                        <div class=\"pxl-item--image\" data-parallax-value=\"\">\r\n                                                            <img decoding=\"async\" width=\"126\" height=\"185\" src=\"https:\/\/colegiojoaokennedy.com.br\/wp-content\/uploads\/2025\/06\/kid-rocket.png\" class=\"no-lazyload attachment-full\" alt=\"\" \/>                                                                                <\/div>\r\n                                                    <\/div>\r\n<\/div>\t\t\t\t<\/div>\n\t\t\t\t<\/div>\n\t\t\t\t<div class=\"elementor-element elementor-element-5eea7d0 elementor-absolute elementor-widget elementor-widget-pxl_image\" data-id=\"5eea7d0\" data-element_type=\"widget\" data-settings=\"{&quot;_position&quot;:&quot;absolute&quot;}\" data-widget_type=\"pxl_image.default\">\n\t\t\t\t<div class=\"elementor-widget-container\">\n\t\t\t\t\t<div id=\"pxl_image-5eea7d0-5143\" class=\"pxl-image-single pxl-disable-parallax-sm pxl-image-spin \" data-wow-delay=\"ms\"  >\r\n    <div class=\"pxl-item--inner\">\r\n                \r\n                                                        <div class=\"pxl-item--image\" data-parallax-value=\"\">\r\n                                                            <img loading=\"lazy\" decoding=\"async\" width=\"56\" height=\"56\" src=\"https:\/\/colegiojoaokennedy.com.br\/wp-content\/uploads\/2025\/06\/kid-star-yellow.png\" class=\"no-lazyload attachment-full\" alt=\"\" \/>                                                                                <\/div>\r\n                                                    <\/div>\r\n<\/div>\t\t\t\t<\/div>\n\t\t\t\t<\/div>\n\t\t\t\t<div class=\"elementor-element elementor-element-f5c7585 elementor-widget__width-initial elementor-widget-widescreen__width-initial elementor-absolute elementor-widget elementor-widget-pxl_image\" data-id=\"f5c7585\" data-element_type=\"widget\" data-settings=\"{&quot;_position&quot;:&quot;absolute&quot;}\" data-widget_type=\"pxl_image.default\">\n\t\t\t\t<div class=\"elementor-widget-container\">\n\t\t\t\t\t<div id=\"pxl_image-f5c7585-1712\" class=\"pxl-image-single  pxl-parallax-scroll \" data-wow-delay=\"ms\"  data-parallax='{\"x\":-10}'>\r\n    <div class=\"pxl-item--inner\">\r\n                \r\n                                                        <div class=\"pxl-item--image\" data-parallax-value=\"\">\r\n                                                            <img loading=\"lazy\" decoding=\"async\" width=\"600\" height=\"300\" src=\"https:\/\/colegiojoaokennedy.com.br\/wp-content\/uploads\/2025\/12\/fundo.png\" class=\"no-lazyload attachment-full\" alt=\"\" \/>                                                                                <\/div>\r\n                                                    <\/div>\r\n<\/div>\t\t\t\t<\/div>\n\t\t\t\t<\/div>\n\t\t\t\t<div class=\"elementor-element elementor-element-4017b84 elementor-widget elementor-widget-pxl_image\" data-id=\"4017b84\" data-element_type=\"widget\" data-widget_type=\"pxl_image.default\">\n\t\t\t\t<div class=\"elementor-widget-container\">\n\t\t\t\t\t<div id=\"pxl_image-4017b84-7967\" class=\"pxl-image-single pxl-disable-parallax-sm  \" data-wow-delay=\"ms\"  >\r\n    <div class=\"pxl-item--inner\">\r\n                \r\n                                                        <div class=\"pxl-item--image\" data-parallax-value=\"\">\r\n                                                            <img loading=\"lazy\" decoding=\"async\" width=\"220\" height=\"186\" src=\"https:\/\/colegiojoaokennedy.com.br\/wp-content\/uploads\/2025\/12\/logo-2.png\" class=\"no-lazyload attachment-full\" alt=\"\" \/>                                                                                <\/div>\r\n                                                    <\/div>\r\n<\/div>\t\t\t\t<\/div>\n\t\t\t\t<\/div>\n\t\t\t\t<div class=\"elementor-element elementor-element-4164d3c elementor-absolute elementor-widget elementor-widget-pxl_image\" data-id=\"4164d3c\" data-element_type=\"widget\" data-settings=\"{&quot;_position&quot;:&quot;absolute&quot;}\" data-widget_type=\"pxl_image.default\">\n\t\t\t\t<div class=\"elementor-widget-container\">\n\t\t\t\t\t<div id=\"pxl_image-4164d3c-3289\" class=\"pxl-image-single pxl-disable-parallax-sm pxl-image-spin \" data-wow-delay=\"ms\"  >\r\n    <div class=\"pxl-item--inner\">\r\n                \r\n                                                        <div class=\"pxl-item--image\" data-parallax-value=\"\">\r\n                                                            <img loading=\"lazy\" decoding=\"async\" width=\"75\" height=\"75\" src=\"https:\/\/colegiojoaokennedy.com.br\/wp-content\/uploads\/2025\/06\/kid-star-2.png\" class=\"no-lazyload attachment-full\" alt=\"\" \/>                                                                                <\/div>\r\n                                                    <\/div>\r\n<\/div>\t\t\t\t<\/div>\n\t\t\t\t<\/div>\n\t\t\t\t<div class=\"elementor-element elementor-element-bb37288 elementor-absolute elementor-widget elementor-widget-pxl_image\" data-id=\"bb37288\" data-element_type=\"widget\" data-settings=\"{&quot;_position&quot;:&quot;absolute&quot;}\" data-widget_type=\"pxl_image.default\">\n\t\t\t\t<div class=\"elementor-widget-container\">\n\t\t\t\t\t<div id=\"pxl_image-bb37288-6824\" class=\"pxl-image-single pxl-disable-parallax-sm pxl-image-spin \" data-wow-delay=\"ms\"  >\r\n    <div class=\"pxl-item--inner\">\r\n                \r\n                                                        <div class=\"pxl-item--image\" data-parallax-value=\"\">\r\n                                                            <img loading=\"lazy\" decoding=\"async\" width=\"24\" height=\"24\" src=\"https:\/\/colegiojoaokennedy.com.br\/wp-content\/uploads\/2025\/06\/kid-star-pink.png\" class=\"no-lazyload attachment-full\" alt=\"\" \/>                                                                                <\/div>\r\n                                                    <\/div>\r\n<\/div>\t\t\t\t<\/div>\n\t\t\t\t<\/div>\n\t\t\t\t<div class=\"elementor-element elementor-element-ac5ca78 elementor-absolute elementor-widget elementor-widget-pxl_image\" data-id=\"ac5ca78\" data-element_type=\"widget\" data-settings=\"{&quot;_position&quot;:&quot;absolute&quot;}\" data-widget_type=\"pxl_image.default\">\n\t\t\t\t<div class=\"elementor-widget-container\">\n\t\t\t\t\t<div id=\"pxl_image-ac5ca78-9043\" class=\"pxl-image-single  pxl-parallax-scroll \" data-wow-delay=\"ms\"  data-parallax='{\"x\":-100}'>\r\n    <div class=\"pxl-item--inner\">\r\n                \r\n                                                        <div class=\"pxl-item--image\" data-parallax-value=\"\">\r\n                                                            <img loading=\"lazy\" decoding=\"async\" width=\"137\" height=\"14\" src=\"https:\/\/colegiojoaokennedy.com.br\/wp-content\/uploads\/2025\/06\/kid-line5.png\" class=\"no-lazyload attachment-full\" alt=\"\" \/>                                                                                <\/div>\r\n                                                    <\/div>\r\n<\/div>\t\t\t\t<\/div>\n\t\t\t\t<\/div>\n\t\t\t\t<\/div>\r\n\t\t\t\t<\/div>\r\n\t\t\t\t<div class=\"elementor-element elementor-element-0ee6b6a elementor-absolute elementor-widget__width-initial elementor-widget elementor-widget-pxl_image\" data-id=\"0ee6b6a\" data-element_type=\"widget\" data-settings=\"{&quot;_position&quot;:&quot;absolute&quot;}\" data-widget_type=\"pxl_image.default\">\n\t\t\t\t<div class=\"elementor-widget-container\">\n\t\t\t\t\t<div id=\"pxl_image-0ee6b6a-5892\" class=\"pxl-image-single pxl-disable-parallax-sm  \" data-wow-delay=\"ms\"  >\r\n    <div class=\"pxl-item--inner\">\r\n                \r\n                                                        <div class=\"pxl-item--image\" data-parallax-value=\"\">\r\n                                                            <img loading=\"lazy\" decoding=\"async\" width=\"590\" height=\"286\" src=\"https:\/\/colegiojoaokennedy.com.br\/wp-content\/uploads\/2025\/06\/slide-clound-1.png\" class=\"no-lazyload attachment-full\" alt=\"\" \/>                                                                                <\/div>\r\n                                                    <\/div>\r\n<\/div>\t\t\t\t<\/div>\n\t\t\t\t<\/div>\n\t\t\t\t<div class=\"elementor-element elementor-element-85e1af3 elementor-absolute elementor-widget elementor-widget-pxl_image\" data-id=\"85e1af3\" data-element_type=\"widget\" data-settings=\"{&quot;_position&quot;:&quot;absolute&quot;}\" data-widget_type=\"pxl_image.default\">\n\t\t\t\t<div class=\"elementor-widget-container\">\n\t\t\t\t\t<div id=\"pxl_image-85e1af3-9270\" class=\"pxl-image-single pxl-disable-parallax-sm  \" data-wow-delay=\"ms\"  >\r\n    <div class=\"pxl-item--inner\">\r\n                \r\n                                                        <div class=\"pxl-item--image\" data-parallax-value=\"\">\r\n                                                            <img loading=\"lazy\" decoding=\"async\" width=\"647\" height=\"309\" src=\"https:\/\/colegiojoaokennedy.com.br\/wp-content\/uploads\/2025\/06\/slide-clound-2.png\" class=\"no-lazyload attachment-full\" alt=\"\" \/>                                                                                <\/div>\r\n                                                    <\/div>\r\n<\/div>\t\t\t\t<\/div>\n\t\t\t\t<\/div>\n\t\t\t\t<\/div>\r\n\t\t<div class=\"elementor-element elementor-element-a7446b8 e-flex e-con-boxed pxl-row-scroll-none pxl-zoom-point-false pxl-section-overflow-visible pxl-section-fix-none pxl-bg-color-none pxl-section-overlay-none e-con e-parent \" data-id=\"a7446b8\" data-element_type=\"container\">\t\t\t<div class=\"e-con-inner\">\r\n\t\t\t\t<div class=\"elementor-element elementor-element-746049c elementor-widget elementor-widget-spacer\" data-id=\"746049c\" data-element_type=\"widget\" data-widget_type=\"spacer.default\">\n\t\t\t\t\t\t\t<div class=\"elementor-spacer\">\n\t\t\t<div class=\"elementor-spacer-inner\"><\/div>\n\t\t<\/div>\n\t\t\t\t\t\t<\/div>\n\t\t\t\t<div class=\"elementor-element elementor-element-6b4acac elementor-widget elementor-widget-pxl_image_carousel\" data-id=\"6b4acac\" data-element_type=\"widget\" data-widget_type=\"pxl_image_carousel.default\">\n\t\t\t\t<div class=\"elementor-widget-container\">\n\t\t\t\t\t    <div id=\"pxl-image-carousel-69d6ae70ee013\" class=\"pxl-swiper-slider pxl-image-carousel pxl-image-carousel2 pxl-swiper-nogap\" data-cursor-drap=\"DRAG\">\n        <div class=\"pxl-carousel-inner\">\n            <div class=\"pxl-swiper-container\" dir=\"ltr\" data-settings=\"{&quot;slide_direction&quot;:&quot;horizontal&quot;,&quot;slide_percolumn&quot;:1,&quot;slide_mode&quot;:&quot;slide&quot;,&quot;slides_to_show&quot;:3,&quot;slides_to_show_xxl&quot;:3,&quot;slides_to_show_lg&quot;:3,&quot;slides_to_show_md&quot;:3,&quot;slides_to_show_sm&quot;:3,&quot;slides_to_show_xs&quot;:2,&quot;slides_to_scroll&quot;:1,&quot;arrow&quot;:false,&quot;pagination&quot;:false,&quot;pagination_type&quot;:&quot;bullets&quot;,&quot;autoplay&quot;:true,&quot;pause_on_hover&quot;:false,&quot;pause_on_interaction&quot;:true,&quot;delay&quot;:500,&quot;loop&quot;:true,&quot;speed&quot;:5000,&quot;ltr&quot;:true}\">\n                <div class=\"pxl-swiper-wrapper\">\n                                            <div class=\"pxl-swiper-slide\">\n                            <div class=\"pxl-item--inner\">\n                                                                    <div class=\"pxl-item--image\">\n                                        <img loading=\"lazy\" decoding=\"async\" class=\"no-lazyload \" src=\"https:\/\/colegiojoaokennedy.com.br\/wp-content\/uploads\/2025\/06\/testimonial-1-350x225.webp\" width=\"350\" height=\"225\" alt=\"testimonial-1\" title=\"testimonial-1\" \/>                                    <\/div>\n                                                           <\/div>\n                        <\/div>\n                                            <div class=\"pxl-swiper-slide\">\n                            <div class=\"pxl-item--inner\">\n                                                                    <div class=\"pxl-item--image\">\n                                        <img loading=\"lazy\" decoding=\"async\" class=\"no-lazyload \" src=\"https:\/\/colegiojoaokennedy.com.br\/wp-content\/uploads\/2025\/06\/testimonial-1-350x225.webp\" width=\"350\" height=\"225\" alt=\"testimonial-1\" title=\"testimonial-1\" \/>                                    <\/div>\n                                                           <\/div>\n                        <\/div>\n                                            <div class=\"pxl-swiper-slide\">\n                            <div class=\"pxl-item--inner\">\n                                                                    <div class=\"pxl-item--image\">\n                                        <img loading=\"lazy\" decoding=\"async\" class=\"no-lazyload \" src=\"https:\/\/colegiojoaokennedy.com.br\/wp-content\/uploads\/2025\/04\/kids-kindergarten-post-2-350x225.webp\" width=\"350\" height=\"225\" alt=\"kids-kindergarten-post-2\" title=\"kids-kindergarten-post-2\" \/>                                    <\/div>\n                                                           <\/div>\n                        <\/div>\n                                            <div class=\"pxl-swiper-slide\">\n                            <div class=\"pxl-item--inner\">\n                                                                    <div class=\"pxl-item--image\">\n                                        <img loading=\"lazy\" decoding=\"async\" class=\"no-lazyload \" src=\"https:\/\/colegiojoaokennedy.com.br\/wp-content\/uploads\/2025\/04\/kid-kindergarten-1-350x225.webp\" width=\"350\" height=\"225\" alt=\"kid-kindergarten-1\" title=\"kid-kindergarten-1\" \/>                                    <\/div>\n                                                           <\/div>\n                        <\/div>\n                                            <div class=\"pxl-swiper-slide\">\n                            <div class=\"pxl-item--inner\">\n                                                                    <div class=\"pxl-item--image\">\n                                        <img loading=\"lazy\" decoding=\"async\" class=\"no-lazyload \" src=\"https:\/\/colegiojoaokennedy.com.br\/wp-content\/uploads\/2025\/05\/kids-kindergarten-post-8-350x225.webp\" width=\"350\" height=\"225\" alt=\"kids-kindergarten-post-8\" title=\"kids-kindergarten-post-8\" \/>                                    <\/div>\n                                                           <\/div>\n                        <\/div>\n                                            <div class=\"pxl-swiper-slide\">\n                            <div class=\"pxl-item--inner\">\n                                                                    <div class=\"pxl-item--image\">\n                                        <img loading=\"lazy\" decoding=\"async\" class=\"no-lazyload \" src=\"https:\/\/colegiojoaokennedy.com.br\/wp-content\/uploads\/2025\/05\/kids-kindergarten-post-7-350x225.webp\" width=\"350\" height=\"225\" alt=\"kids-kindergarten-post-7\" title=\"kids-kindergarten-post-7\" \/>                                    <\/div>\n                                                           <\/div>\n                        <\/div>\n                                    <\/div>\n            <\/div>\n            \n            \n                        \n        <\/div>\n    <\/div>\n\t\t\t\t<\/div>\n\t\t\t\t<\/div>\n\t\t\t\t\t<\/div>\r\n\t\t\t\t<\/div>\r\n\t\t\t\t<\/div>\n\t\t","protected":false},"excerpt":{"rendered":"<p>(85) 3296-3419 Agende uma visita &#8211; Matriculas abertas para 2026 (85) 3296-3419 Agende uma visita &#8211; Matriculas abertas para 2026 Col\u00e9gio Jo\u00e3o Kennedy Desde 1998 &#8211; Ensinando Gera\u00e7\u00f5es<\/p>\n","protected":false},"author":1,"featured_media":0,"parent":0,"menu_order":0,"comment_status":"closed","ping_status":"closed","template":"","meta":{"footnotes":""},"class_list":["post-10947","page","type-page","status-publish","hentry"],"_links":{"self":[{"href":"https:\/\/colegiojoaokennedy.com.br\/index.php?rest_route=\/wp\/v2\/pages\/10947","targetHints":{"allow":["GET"]}}],"collection":[{"href":"https:\/\/colegiojoaokennedy.com.br\/index.php?rest_route=\/wp\/v2\/pages"}],"about":[{"href":"https:\/\/colegiojoaokennedy.com.br\/index.php?rest_route=\/wp\/v2\/types\/page"}],"author":[{"embeddable":true,"href":"https:\/\/colegiojoaokennedy.com.br\/index.php?rest_route=\/wp\/v2\/users\/1"}],"replies":[{"embeddable":true,"href":"https:\/\/colegiojoaokennedy.com.br\/index.php?rest_route=%2Fwp%2Fv2%2Fcomments&post=10947"}],"version-history":[{"count":12,"href":"https:\/\/colegiojoaokennedy.com.br\/index.php?rest_route=\/wp\/v2\/pages\/10947\/revisions"}],"predecessor-version":[{"id":18382,"href":"https:\/\/colegiojoaokennedy.com.br\/index.php?rest_route=\/wp\/v2\/pages\/10947\/revisions\/18382"}],"wp:attachment":[{"href":"https:\/\/colegiojoaokennedy.com.br\/index.php?rest_route=%2Fwp%2Fv2%2Fmedia&parent=10947"}],"curies":[{"name":"wp","href":"https:\/\/api.w.org\/{rel}","templated":true}]}}